{"id":1441,"date":"2023-07-21T11:12:44","date_gmt":"2023-07-21T11:12:44","guid":{"rendered":"https:\/\/appy.place\/alfabeta\/?page_id=1441"},"modified":"2023-08-11T15:18:20","modified_gmt":"2023-08-11T15:18:20","slug":"downloads","status":"publish","type":"page","link":"https:\/\/appy.place\/alfabeta\/downloads\/","title":{"rendered":"Downloads"},"content":{"rendered":"<p>[vc_row][vc_column][vc_column_text]<\/p>\n<h3>Downloads<\/h3>\n<p>[\/vc_column_text][vc_empty_space alter_height=&#8221;small&#8221; hide_on_mobile=&#8221;&#8221;][\/vc_column][\/vc_row][vc_row][vc_column width=&#8221;1\/2&#8243;][vc_column_text]<strong>Geral:<\/strong><\/p>\n<ul class=\"trx_addons_list_custom\">\n<li><a href=\"\/alfabeta\/wp-content\/uploads\/2023\/08\/Precario-2023-24.pdf\" target=\"_blank\" rel=\"noopener\">Pre\u00e7\u00e1rio<\/a><\/li>\n<li><a href=\"\/alfabeta\/wp-content\/uploads\/2023\/08\/Colegio-Alfa-Beta-Calendario-geral-de-atividades-2023-24.pdf\" target=\"_blank\" rel=\"noopener\">Calend\u00e1rio escolar<\/a><\/li>\n<li><a href=\"\/alfabeta\/wp-content\/uploads\/2023\/07\/Colegio-Alfa-Beta-Regulamento-Creche-2023-24.pdf\" target=\"_blank\" rel=\"noopener\">Regulamento Creche<\/a><\/li>\n<li><a href=\"\/alfabeta\/wp-content\/uploads\/2023\/07\/Colegio-Alfa-Beta-Regulamento-J-I-e-1o-Ciclo-2023-24.pdf\" target=\"_blank\" rel=\"noopener\">Regulamento Jardim de Inf\u00e2ncia<\/a><\/li>\n<li><a href=\"\/alfabeta\/wp-content\/uploads\/2023\/07\/Colegio-Alfa-Beta-Regulamento-J-I-e-1o-Ciclo-2023-24.pdf\" target=\"_blank\" rel=\"noopener\">Regulamento 1\u00ba Ciclo<\/a><\/li>\n<li><a href=\"\/alfabeta\/wp-content\/uploads\/2023\/08\/Colegio-Alfa-Beta-Ficha-de-Inscricao.doc\" target=\"_blank\" rel=\"noopener\">Ficha de Inscri\u00e7\u00e3o<\/a><\/li>\n<li><a href=\"\/alfabeta\/wp-content\/uploads\/2023\/08\/Colegio-Alfa-Beta-Ficha-de-Pre-inscricao.doc\" target=\"_blank\" rel=\"noopener\">Ficha de Pr\u00e9-Inscri\u00e7\u00e3o<\/a><\/li>\n<li><a href=\"\/alfabeta\/wp-content\/uploads\/2023\/08\/Precario-Fardamento-Escolar.doc\" target=\"_blank\" rel=\"noopener\">Pre\u00e7\u00e1rio de Fardamento Escolar<\/a><\/li>\n<li><a href=\"\/alfabeta\/wp-content\/uploads\/2023\/08\/Politica-protecao-de-dados-2023-24.docx\" target=\"_blank\" rel=\"noopener\">Pol\u00edtica de Prote\u00e7\u00e3o de Dados<\/a><\/li>\n<\/ul>\n<p>&nbsp;<\/p>\n<p><strong>Atividades Extracurriculares:<\/strong><\/p>\n<ul class=\"trx_addons_list_custom\">\n<li>Sala de Estudo<\/li>\n<li><a href=\"\/alfabeta\/wp-content\/uploads\/2023\/07\/Colegio-Alfa-Beta-Gabinete-Apoio-Precario-2023-24.pdf\" target=\"_blank\" rel=\"noopener\">Gabinete de Apoio Educativo<\/a><\/li>\n<li><a href=\"\/alfabeta\/wp-content\/uploads\/2023\/07\/Colegio-Alfa-Beta-Regulamento-Atividades-extracurriculares.pdf\" target=\"_blank\" rel=\"noopener\">Regulamento Atividades Extracurriculares<\/a><\/li>\n<li>Inscri\u00e7\u00e3o<\/li>\n<\/ul>\n<p>[\/vc_column_text][vc_row_inner][vc_column_inner offset=&#8221;vc_hidden-lg vc_hidden-md vc_hidden-sm&#8221;][vc_empty_space alter_height=&#8221;medium&#8221; hide_on_mobile=&#8221;&#8221;][\/vc_column_inner][\/vc_row_inner][\/vc_column][vc_column width=&#8221;1\/2&#8243;][vc_column_text]<strong>Formul\u00e1rios:<\/strong><\/p>\n<ul class=\"trx_addons_list_custom\">\n<li><a href=\"\/alfabeta\/wp-content\/uploads\/2023\/07\/Colegio-Alfa-Beta-Formulario-Medicamentos.doc\">Medicamentos<\/a><\/li>\n<li><a href=\"\/alfabeta\/wp-content\/uploads\/2023\/08\/Formulario-Prolongamento.doc\">Prolongamento<\/a><\/li>\n<\/ul>\n<p>[\/vc_column_text][vc_row_inner][vc_column_inner offset=&#8221;vc_hidden-lg vc_hidden-md vc_hidden-sm&#8221;][vc_empty_space alter_height=&#8221;medium&#8221; hide_on_mobile=&#8221;&#8221;][\/vc_column_inner][\/vc_row_inner][\/vc_column][\/vc_row][vc_row equal_height=&#8221;yes&#8221; content_placement=&#8221;middle&#8221;][vc_column][vc_empty_space alter_height=&#8221;small&#8221; hide_on_mobile=&#8221;&#8221;][\/vc_column][\/vc_row]<\/p>\n","protected":false},"excerpt":{"rendered":"<p>[vc_row][vc_column][vc_column_text] Downloads [\/vc_column_text][vc_empty_space alter_height=&#8221;small&#8221; hide_on_mobile=&#8221;&#8221;][\/vc_column][\/vc_row][vc_row][vc_column width=&#8221;1\/2&#8243;][vc_column_text]Geral: Pre\u00e7\u00e1rio Calend\u00e1rio escolar Regulamento Creche Regulamento Jardim de Inf\u00e2ncia Regulamento 1\u00ba Ciclo Ficha de Inscri\u00e7\u00e3o Ficha de Pr\u00e9-Inscri\u00e7\u00e3o Pre\u00e7\u00e1rio de Fardamento Escolar Pol\u00edtica de Prote\u00e7\u00e3o de Dados &nbsp; Atividades Extracurriculares: Sala de Estudo Gabinete de Apoio Educativo Regulamento Atividades Extracurriculares Inscri\u00e7\u00e3o [\/vc_column_text][vc_row_inner][vc_column_inner offset=&#8221;vc_hidden-lg vc_hidden-md vc_hidden-sm&#8221;][vc_empty_space alter_height=&#8221;medium&#8221; hide_on_mobile=&#8221;&#8221;][\/vc_column_inner][\/vc_row_inner][\/vc_column][vc_column width=&#8221;1\/2&#8243;][vc_column_text]Formul\u00e1rios: Medicamentos Prolongamento [\/vc_column_text][vc_row_inner][vc_column_inner offset=&#8221;vc_hidden-lg vc_hidden-md vc_hidden-sm&#8221;][vc_empty_space alter_height=&#8221;medium&#8221; hide_on_mobile=&#8221;&#8221;][\/vc_column_inner][\/vc_row_inner][\/vc_column][\/vc_row][vc_row equal_height=&#8221;yes&#8221; content_placement=&#8221;middle&#8221;][vc_column][vc_empty_space alter_height=&#8221;small&#8221; hide_on_mobile=&#8221;&#8221;][\/vc_column][\/vc_row]<\/p>\n","protected":false},"author":1,"featured_media":1598,"parent":0,"menu_order":0,"comment_status":"closed","ping_status":"closed","template":"","meta":{"footnotes":""},"class_list":["post-1441","page","type-page","status-publish","has-post-thumbnail","hentry"],"_links":{"self":[{"href":"https:\/\/appy.place\/alfabeta\/wp-json\/wp\/v2\/pages\/1441","targetHints":{"allow":["GET"]}}],"collection":[{"href":"https:\/\/appy.place\/alfabeta\/wp-json\/wp\/v2\/pages"}],"about":[{"href":"https:\/\/appy.place\/alfabeta\/wp-json\/wp\/v2\/types\/page"}],"author":[{"embeddable":true,"href":"https:\/\/appy.place\/alfabeta\/wp-json\/wp\/v2\/users\/1"}],"replies":[{"embeddable":true,"href":"https:\/\/appy.place\/alfabeta\/wp-json\/wp\/v2\/comments?post=1441"}],"version-history":[{"count":17,"href":"https:\/\/appy.place\/alfabeta\/wp-json\/wp\/v2\/pages\/1441\/revisions"}],"predecessor-version":[{"id":1824,"href":"https:\/\/appy.place\/alfabeta\/wp-json\/wp\/v2\/pages\/1441\/revisions\/1824"}],"wp:featuredmedia":[{"embeddable":true,"href":"https:\/\/appy.place\/alfabeta\/wp-json\/wp\/v2\/media\/1598"}],"wp:attachment":[{"href":"https:\/\/appy.place\/alfabeta\/wp-json\/wp\/v2\/media?parent=1441"}],"curies":[{"name":"wp","href":"https:\/\/api.w.org\/{rel}","templated":true}]}}