{"id":1467,"date":"2023-07-27T16:38:36","date_gmt":"2023-07-27T16:38:36","guid":{"rendered":"https:\/\/appy.place\/alfabeta\/?page_id=1467"},"modified":"2023-08-11T15:17:39","modified_gmt":"2023-08-11T15:17:39","slug":"sobre-nos","status":"publish","type":"page","link":"https:\/\/appy.place\/alfabeta\/sobre-nos\/","title":{"rendered":"Sobre n\u00f3s"},"content":{"rendered":"<p>[vc_row][vc_column icons_position=&#8221;left&#8221;][vc_empty_space alter_height=&#8221;medium&#8221; hide_on_mobile=&#8221;&#8221;][\/vc_column][\/vc_row][vc_row equal_height=&#8221;yes&#8221; content_placement=&#8221;middle&#8221;][vc_column width=&#8221;1\/2&#8243;][vc_empty_space alter_height=&#8221;small&#8221; hide_on_mobile=&#8221;&#8221;][vc_single_image image=&#8221;1350&#8243; img_size=&#8221;full&#8221; alignment=&#8221;center&#8221;][vc_empty_space alter_height=&#8221;small&#8221; hide_on_mobile=&#8221;&#8221;][\/vc_column][vc_column width=&#8221;1\/2&#8243;][vc_column_text]<\/p>\n<h3><strong>&#8220;Educamos para Proteger&#8221; \u00e9 o nosso Lema, para podermos garantir um Futuro confiante.<\/strong><\/h3>\n<p>Abertos desde 1972, temos mais de 50 anos de experi\u00eancia na \u00e1rea educativa, anos esses que foram marcados pelo sucesso dos nossos alunos. Somos um col\u00e9gio de refer\u00eancia no conselho de Oeiras.<\/p>\n<p>O Col\u00e9gio Alfa-Beta disp\u00f5e de Creche, Pr\u00e9-Escolar e 1\u00ba Ciclo.[\/vc_column_text][vc_empty_space hide_on_mobile=&#8221;&#8221;][\/vc_column][\/vc_row][vc_row][vc_column icons_position=&#8221;left&#8221;][vc_empty_space hide_on_mobile=&#8221;&#8221;][vc_column_text]Para n\u00f3s a Educa\u00e7\u00e3o de crian\u00e7as deve ter sempre por base n\u00e3o apenas a vertente educativa, mas tamb\u00e9m as vertentes social e humana, tendo sempre presente o objetivo de proporcionar a todas as nossas crian\u00e7as as mesmas oportunidades n\u00e3o esquecendo que cada Crian\u00e7a \u00e9 um Ser \u00danico.<\/p>\n<p>O papel que uma institui\u00e7\u00e3o de ensino tem na constru\u00e7\u00e3o de sociedades mais sustent\u00e1veis \u00e9 fundamental. A forma como contribu\u00edmos para a constru\u00e7\u00e3o e forma\u00e7\u00e3o das crian\u00e7as que ser\u00e3o os protagonistas do amanh\u00e3 \u00e9 determinante pelo que acreditamos que uma cultura de Bem-Estar e Felicidade ser\u00e1 a base de ra\u00edzes mais s\u00f3lidas.[\/vc_column_text][vc_empty_space alter_height=&#8221;medium&#8221; hide_on_mobile=&#8221;&#8221;][\/vc_column][\/vc_row][vc_row full_width=&#8221;stretch_row&#8221; css=&#8221;.vc_custom_1690479992679{background-color: #fbede2 !important;}&#8221;][vc_column width=&#8221;5\/12&#8243;][vc_empty_space alter_height=&#8221;medium&#8221; hide_on_mobile=&#8221;&#8221;][vc_column_text]<\/p>\n<h3><em><strong>&#8220;Educar a Mente sem Educar o Cora\u00e7\u00e3o n\u00e3o \u00e9 Educa\u00e7\u00e3o&#8221; <\/strong>(Arist\u00f3teles)<\/em><\/h3>\n<p style=\"text-align: justify;\">Conscientes da import\u00e2ncia da \u201cfideliza\u00e7\u00e3o emocional\u201d das crian\u00e7as no Col\u00e9gio Alfa-Beta vive-se um ambiente muito familiar em que promovemos a constru\u00e7\u00e3o de rela\u00e7\u00f5es humanas fortes entre todos os agentes educativos, pilares fundamentais do nosso sucesso: alunos, equipa, fam\u00edlia e comunidade.<\/p>\n<p style=\"text-align: justify;\">Os nossos servi\u00e7os primam pelo Rigor, Transpar\u00eancia, Empenho, dedica\u00e7\u00e3o e afeto com que cada um de n\u00f3s se entrega no dia-a-dia.<\/p>\n<p style=\"text-align: justify;\">Contamos convosco. Obrigado por acreditarem no nosso projeto e fazerem parte desta grande fam\u00edlia Alfa-Beta.<\/p>\n<p>Diretora Pedag\u00f3gica<br \/>\n<em>Ana Sofia Nat\u00e1rio<\/em>[\/vc_column_text][vc_empty_space alter_height=&#8221;biggest&#8221; hide_on_mobile=&#8221;1,3&#8243;][\/vc_column][vc_column width=&#8221;1\/12&#8243;][\/vc_column][vc_column width=&#8221;1\/2&#8243;][vc_empty_space alter_height=&#8221;medium&#8221; hide_on_mobile=&#8221;&#8221; css=&#8221;.vc_custom_1494944628305{margin-top: 0.3rem !important;}&#8221;][vc_single_image image=&#8221;1472&#8243; img_size=&#8221;full&#8221; alignment=&#8221;center&#8221;][vc_empty_space alter_height=&#8221;medium&#8221; hide_on_mobile=&#8221;&#8221; css=&#8221;.vc_custom_1494944628305{margin-top: 0.3rem !important;}&#8221;][\/vc_column][\/vc_row][vc_row full_width=&#8221;stretch_row&#8221; css=&#8221;.vc_custom_1690481372369{background-color: #b94f4f !important;}&#8221;][vc_column icons_position=&#8221;left&#8221;][vc_empty_space alter_height=&#8221;large&#8221; hide_on_mobile=&#8221;&#8221;][vc_column_text]<\/p>\n<h2 style=\"text-align: center;\"><span style=\"color: #ffffff;\">Descubra mais do Alfa-Beta!<\/span><\/h2>\n<p>[\/vc_column_text][vc_empty_space alter_height=&#8221;medium&#8221; hide_on_mobile=&#8221;&#8221; css=&#8221;.vc_custom_1690481663908{margin-bottom: 0.75rem !important;}&#8221;][\/vc_column][\/vc_row][vc_row full_width=&#8221;stretch_row&#8221; css=&#8221;.vc_custom_1690481376113{background-color: #b94f4f !important;}&#8221;][vc_column width=&#8221;1\/3&#8243;][vc_single_image image=&#8221;1355&#8243; img_size=&#8221;large&#8221; alignment=&#8221;center&#8221;][vc_empty_space alter_height=&#8221;small&#8221; hide_on_mobile=&#8221;&#8221;][vc_column_text]<\/p>\n<h4 style=\"text-align: center;\"><a href=\"\/alfabeta\/creche\/\"><span style=\"color: #ffffff;\"><em>Creche<\/em><\/span><\/a><\/h4>\n<p>[\/vc_column_text][vc_empty_space alter_height=&#8221;small&#8221; hide_on_mobile=&#8221;&#8221;][\/vc_column][vc_column width=&#8221;1\/3&#8243;][vc_single_image image=&#8221;1163&#8243; img_size=&#8221;large&#8221; alignment=&#8221;center&#8221;][vc_empty_space alter_height=&#8221;small&#8221; hide_on_mobile=&#8221;&#8221;][vc_column_text]<\/p>\n<h4 style=\"text-align: center;\"><a href=\"\/alfabeta\/jardim-de-infancia\/\"><span style=\"color: #ffffff;\"><em>Jardim de Inf\u00e2ncia<\/em><\/span><\/a><\/h4>\n<p>[\/vc_column_text][vc_empty_space alter_height=&#8221;small&#8221; hide_on_mobile=&#8221;&#8221;][\/vc_column][vc_column width=&#8221;1\/3&#8243;][vc_single_image image=&#8221;1166&#8243; img_size=&#8221;large&#8221; alignment=&#8221;center&#8221;][vc_empty_space alter_height=&#8221;small&#8221; hide_on_mobile=&#8221;&#8221;][vc_column_text]<\/p>\n<h4 style=\"text-align: center;\"><a href=\"\/alfabeta\/1o-ciclo\/\"><span style=\"color: #ffffff;\"><em>1\u00ba Ciclo<\/em><\/span><\/a><\/h4>\n<p>[\/vc_column_text][vc_empty_space alter_height=&#8221;small&#8221; hide_on_mobile=&#8221;&#8221;][\/vc_column][\/vc_row][vc_row full_width=&#8221;stretch_row&#8221; css=&#8221;.vc_custom_1690481380013{background-color: #b94f4f !important;}&#8221;][vc_column icons_position=&#8221;left&#8221;][vc_empty_space alter_height=&#8221;large&#8221; hide_on_mobile=&#8221;&#8221;][\/vc_column][\/vc_row]<\/p>\n","protected":false},"excerpt":{"rendered":"<p>[vc_row][vc_column icons_position=&#8221;left&#8221;][vc_empty_space alter_height=&#8221;medium&#8221; hide_on_mobile=&#8221;&#8221;][\/vc_column][\/vc_row][vc_row equal_height=&#8221;yes&#8221; content_placement=&#8221;middle&#8221;][vc_column width=&#8221;1\/2&#8243;][vc_empty_space alter_height=&#8221;small&#8221; hide_on_mobile=&#8221;&#8221;][vc_single_image image=&#8221;1350&#8243; img_size=&#8221;full&#8221; alignment=&#8221;center&#8221;][vc_empty_space alter_height=&#8221;small&#8221; hide_on_mobile=&#8221;&#8221;][\/vc_column][vc_column width=&#8221;1\/2&#8243;][vc_column_text] &#8220;Educamos para Proteger&#8221; \u00e9 o nosso Lema, para podermos garantir um Futuro confiante. Abertos desde 1972, temos mais de 50 anos de experi\u00eancia na \u00e1rea educativa, anos esses que foram marcados pelo sucesso dos nossos alunos. Somos um col\u00e9gio de refer\u00eancia no conselho de Oeiras. O Col\u00e9gio Alfa-Beta disp\u00f5e de Creche, Pr\u00e9-Escolar e 1\u00ba Ciclo.[\/vc_column_text][vc_empty_space hide_on_mobile=&#8221;&#8221;][\/vc_column][\/vc_row][vc_row][vc_column icons_position=&#8221;left&#8221;][vc_empty_space hide_on_mobile=&#8221;&#8221;][vc_column_text]Para n\u00f3s a Educa\u00e7\u00e3o de crian\u00e7as deve ter sempre por base&hellip;<\/p>\n","protected":false},"author":1,"featured_media":1622,"parent":0,"menu_order":0,"comment_status":"closed","ping_status":"closed","template":"","meta":{"footnotes":""},"class_list":["post-1467","page","type-page","status-publish","has-post-thumbnail","hentry"],"_links":{"self":[{"href":"https:\/\/appy.place\/alfabeta\/wp-json\/wp\/v2\/pages\/1467","targetHints":{"allow":["GET"]}}],"collection":[{"href":"https:\/\/appy.place\/alfabeta\/wp-json\/wp\/v2\/pages"}],"about":[{"href":"https:\/\/appy.place\/alfabeta\/wp-json\/wp\/v2\/types\/page"}],"author":[{"embeddable":true,"href":"https:\/\/appy.place\/alfabeta\/wp-json\/wp\/v2\/users\/1"}],"replies":[{"embeddable":true,"href":"https:\/\/appy.place\/alfabeta\/wp-json\/wp\/v2\/comments?post=1467"}],"version-history":[{"count":65,"href":"https:\/\/appy.place\/alfabeta\/wp-json\/wp\/v2\/pages\/1467\/revisions"}],"predecessor-version":[{"id":1823,"href":"https:\/\/appy.place\/alfabeta\/wp-json\/wp\/v2\/pages\/1467\/revisions\/1823"}],"wp:featuredmedia":[{"embeddable":true,"href":"https:\/\/appy.place\/alfabeta\/wp-json\/wp\/v2\/media\/1622"}],"wp:attachment":[{"href":"https:\/\/appy.place\/alfabeta\/wp-json\/wp\/v2\/media?parent=1467"}],"curies":[{"name":"wp","href":"https:\/\/api.w.org\/{rel}","templated":true}]}}