{"id":1670,"date":"2023-08-03T15:21:02","date_gmt":"2023-08-03T15:21:02","guid":{"rendered":"https:\/\/appy.place\/alfabeta\/?page_id=1670"},"modified":"2023-08-11T15:15:41","modified_gmt":"2023-08-11T15:15:41","slug":"ementa","status":"publish","type":"page","link":"https:\/\/appy.place\/alfabeta\/ementa\/","title":{"rendered":"Ementa"},"content":{"rendered":"<p>[vc_row][vc_column icons_position=&#8221;left&#8221;][vc_empty_space alter_height=&#8221;medium&#8221; hide_on_mobile=&#8221;&#8221;][vc_column_text]<\/p>\n<h2 style=\"text-align: left;\"><em><span style=\"color: #1443a1;\"><strong>Ementa<\/strong><\/span><\/em><\/h2>\n<p>As refei\u00e7\u00f5es (merenda, almo\u00e7o e lanche) s\u00e3o confecionadas diariamente no Col\u00e9gio.<\/p>\n<p>As ementas foram avaliadas por uma Dietista, tendo sido consideradas equilibradas e variadas. Alternam peixe e carne e os legumes est\u00e3o sempre presentes, bem como a fruta. Os alimentos s\u00e3o confecionados de forma simples e pouco condimentados.<br \/>\nA implementa\u00e7\u00e3o do sistema HACCP refor\u00e7a a garantia da qualidade das Nossas refei\u00e7\u00f5es.[\/vc_column_text][vc_empty_space alter_height=&#8221;medium&#8221; hide_on_mobile=&#8221;&#8221;][\/vc_column][\/vc_row][vc_row][vc_column icons_position=&#8221;left&#8221;]<div class=\"cq-buttoncontainer  centrar-botao\"><div class=\"animatetype-1\"><div><a href=\"\/alfabeta\/contactos\/\" title=\"Contactos\" target=\"\" style=\"color:#ffffff;background-color:#a01010;\" class=\"btn cqbtn-1\"><span class=\"txt\">Pedir Informa\u00e7\u00f5es<\/span><span class=\"round\"><i style=\"margin-top:-9px;margin-left:-9px;\" class=\"fa fa-arrow-right\"><\/i><\/span><\/a><\/div><\/div><\/div>[vc_empty_space alter_height=&#8221;large&#8221; hide_on_mobile=&#8221;&#8221;][\/vc_column][\/vc_row][vc_row full_width=&#8221;stretch_row&#8221; disable_element=&#8221;yes&#8221; css=&#8221;.vc_custom_1691766923295{background-color: #efefef !important;}&#8221;][vc_column icons_position=&#8221;left&#8221;][vc_empty_space alter_height=&#8221;large&#8221; hide_on_mobile=&#8221;&#8221;][vc_column_text]<\/p>\n<h2 style=\"text-align: center;\">O nosso refeit\u00f3rio<\/h2>\n<p>[\/vc_column_text][vc_empty_space alter_height=&#8221;medium&#8221; hide_on_mobile=&#8221;&#8221; css=&#8221;.vc_custom_1690481663908{margin-bottom: 0.75rem !important;}&#8221;][\/vc_column][\/vc_row][vc_row full_width=&#8221;stretch_row&#8221; disable_element=&#8221;yes&#8221; css=&#8221;.vc_custom_1691766913467{background-color: #efefef !important;}&#8221;][vc_column width=&#8221;1\/3&#8243;][vc_single_image image=&#8221;1418&#8243; img_size=&#8221;large&#8221; alignment=&#8221;center&#8221;][vc_empty_space alter_height=&#8221;small&#8221; hide_on_mobile=&#8221;&#8221;][\/vc_column][vc_column width=&#8221;1\/3&#8243;][vc_single_image image=&#8221;1416&#8243; img_size=&#8221;large&#8221; alignment=&#8221;center&#8221;][vc_empty_space alter_height=&#8221;small&#8221; hide_on_mobile=&#8221;&#8221;][\/vc_column][vc_column width=&#8221;1\/3&#8243;][vc_single_image image=&#8221;1417&#8243; img_size=&#8221;large&#8221; alignment=&#8221;center&#8221;][vc_empty_space alter_height=&#8221;small&#8221; hide_on_mobile=&#8221;&#8221;][\/vc_column][\/vc_row][vc_row full_width=&#8221;stretch_row&#8221; disable_element=&#8221;yes&#8221; css=&#8221;.vc_custom_1691766927934{background-color: #efefef !important;}&#8221;][vc_column icons_position=&#8221;left&#8221;][vc_empty_space alter_height=&#8221;large&#8221; hide_on_mobile=&#8221;&#8221;][\/vc_column][\/vc_row][vc_row full_width=&#8221;stretch_row&#8221; css=&#8221;.vc_custom_1690481372369{background-color: #b94f4f !important;}&#8221;][vc_column icons_position=&#8221;left&#8221;][vc_empty_space alter_height=&#8221;large&#8221; hide_on_mobile=&#8221;&#8221;][vc_column_text]<\/p>\n<h2 style=\"text-align: center;\"><span style=\"color: #ffffff;\">Descubra mais do Alfa-Beta!<\/span><\/h2>\n<p>[\/vc_column_text][vc_empty_space alter_height=&#8221;medium&#8221; hide_on_mobile=&#8221;&#8221; css=&#8221;.vc_custom_1690481663908{margin-bottom: 0.75rem !important;}&#8221;][\/vc_column][\/vc_row][vc_row full_width=&#8221;stretch_row&#8221; css=&#8221;.vc_custom_1690481376113{background-color: #b94f4f !important;}&#8221;][vc_column width=&#8221;1\/3&#8243;][vc_single_image image=&#8221;1355&#8243; img_size=&#8221;large&#8221; alignment=&#8221;center&#8221;][vc_empty_space alter_height=&#8221;small&#8221; hide_on_mobile=&#8221;&#8221;][vc_column_text]<\/p>\n<h4 style=\"text-align: center;\"><a href=\"\/alfabeta\/creche\/\"><span style=\"color: #ffffff;\"><em>Creche<\/em><\/span><\/a><\/h4>\n<p>[\/vc_column_text][vc_empty_space alter_height=&#8221;small&#8221; hide_on_mobile=&#8221;&#8221;][\/vc_column][vc_column width=&#8221;1\/3&#8243;][vc_single_image image=&#8221;1163&#8243; img_size=&#8221;large&#8221; alignment=&#8221;center&#8221;][vc_empty_space alter_height=&#8221;small&#8221; hide_on_mobile=&#8221;&#8221;][vc_column_text]<\/p>\n<h4 style=\"text-align: center;\"><a href=\"\/alfabeta\/jardim-de-infancia\/\"><span style=\"color: #ffffff;\"><em>Jardim de Inf\u00e2ncia<\/em><\/span><\/a><\/h4>\n<p>[\/vc_column_text][vc_empty_space alter_height=&#8221;small&#8221; hide_on_mobile=&#8221;&#8221;][\/vc_column][vc_column width=&#8221;1\/3&#8243;][vc_single_image image=&#8221;1166&#8243; img_size=&#8221;large&#8221; alignment=&#8221;center&#8221;][vc_empty_space alter_height=&#8221;small&#8221; hide_on_mobile=&#8221;&#8221;][vc_column_text]<\/p>\n<h4 style=\"text-align: center;\"><a href=\"\/alfabeta\/1o-ciclo\/\"><span style=\"color: #ffffff;\"><em>1\u00ba Ciclo<\/em><\/span><\/a><\/h4>\n<p>[\/vc_column_text][vc_empty_space alter_height=&#8221;small&#8221; hide_on_mobile=&#8221;&#8221;][\/vc_column][\/vc_row][vc_row full_width=&#8221;stretch_row&#8221; css=&#8221;.vc_custom_1690481380013{background-color: #b94f4f !important;}&#8221;][vc_column icons_position=&#8221;left&#8221;][vc_empty_space alter_height=&#8221;large&#8221; hide_on_mobile=&#8221;&#8221;][\/vc_column][\/vc_row]<\/p>\n","protected":false},"excerpt":{"rendered":"<p>[vc_row][vc_column icons_position=&#8221;left&#8221;][vc_empty_space alter_height=&#8221;medium&#8221; hide_on_mobile=&#8221;&#8221;][vc_column_text] Ementa As refei\u00e7\u00f5es (merenda, almo\u00e7o e lanche) s\u00e3o confecionadas diariamente no Col\u00e9gio. As ementas foram avaliadas por uma Dietista, tendo sido consideradas equilibradas e variadas. Alternam peixe e carne e os legumes est\u00e3o sempre presentes, bem como a fruta. Os alimentos s\u00e3o confecionados de forma simples e pouco condimentados. A implementa\u00e7\u00e3o do sistema HACCP refor\u00e7a a garantia da qualidade das Nossas refei\u00e7\u00f5es.[\/vc_column_text][vc_empty_space alter_height=&#8221;medium&#8221; hide_on_mobile=&#8221;&#8221;][\/vc_column][\/vc_row][vc_row][vc_column icons_position=&#8221;left&#8221;][vc_empty_space alter_height=&#8221;large&#8221; hide_on_mobile=&#8221;&#8221;][\/vc_column][\/vc_row][vc_row full_width=&#8221;stretch_row&#8221; disable_element=&#8221;yes&#8221; css=&#8221;.vc_custom_1691766923295{background-color: #efefef !important;}&#8221;][vc_column icons_position=&#8221;left&#8221;][vc_empty_space alter_height=&#8221;large&#8221; hide_on_mobile=&#8221;&#8221;][vc_column_text] O nosso refeit\u00f3rio [\/vc_column_text][vc_empty_space&hellip;<\/p>\n","protected":false},"author":1,"featured_media":1417,"parent":0,"menu_order":0,"comment_status":"closed","ping_status":"closed","template":"","meta":{"footnotes":""},"class_list":["post-1670","page","type-page","status-publish","has-post-thumbnail","hentry"],"_links":{"self":[{"href":"https:\/\/appy.place\/alfabeta\/wp-json\/wp\/v2\/pages\/1670","targetHints":{"allow":["GET"]}}],"collection":[{"href":"https:\/\/appy.place\/alfabeta\/wp-json\/wp\/v2\/pages"}],"about":[{"href":"https:\/\/appy.place\/alfabeta\/wp-json\/wp\/v2\/types\/page"}],"author":[{"embeddable":true,"href":"https:\/\/appy.place\/alfabeta\/wp-json\/wp\/v2\/users\/1"}],"replies":[{"embeddable":true,"href":"https:\/\/appy.place\/alfabeta\/wp-json\/wp\/v2\/comments?post=1670"}],"version-history":[{"count":14,"href":"https:\/\/appy.place\/alfabeta\/wp-json\/wp\/v2\/pages\/1670\/revisions"}],"predecessor-version":[{"id":1821,"href":"https:\/\/appy.place\/alfabeta\/wp-json\/wp\/v2\/pages\/1670\/revisions\/1821"}],"wp:featuredmedia":[{"embeddable":true,"href":"https:\/\/appy.place\/alfabeta\/wp-json\/wp\/v2\/media\/1417"}],"wp:attachment":[{"href":"https:\/\/appy.place\/alfabeta\/wp-json\/wp\/v2\/media?parent=1670"}],"curies":[{"name":"wp","href":"https:\/\/api.w.org\/{rel}","templated":true}]}}