{"id":1732,"date":"2023-08-03T17:51:32","date_gmt":"2023-08-03T17:51:32","guid":{"rendered":"https:\/\/appy.place\/alfabeta\/?page_id=1732"},"modified":"2023-08-10T18:01:51","modified_gmt":"2023-08-10T18:01:51","slug":"atividades","status":"publish","type":"page","link":"https:\/\/appy.place\/alfabeta\/atividades\/","title":{"rendered":"Atividades"},"content":{"rendered":"<p>[vc_row][vc_column icons_position=&#8221;left&#8221;][vc_empty_space alter_height=&#8221;medium&#8221; hide_on_mobile=&#8221;&#8221;][vc_column_text]<\/p>\n<h2 style=\"text-align: left;\"><em><span style=\"color: #1443a1;\"><strong>Atividades<br \/>\nCurriculares e Extracurriculares<br \/>\n<\/strong><\/span><\/em><\/h2>\n<p>Acreditamos que os alunos que praticam uma ou duas atividades extracurriculares conseguem obter melhores resultados e consequentemente, maior Sucesso Escolar.<\/p>\n<p>Neste sentido, o Col\u00e9gio Alfa-Beta oferece uma vasta variedade de atividades extracurriculares, de car\u00e1cter facultativo, a funcionarem ap\u00f3s o tempo de atividades letivas e abertas a toda a comunidade.<\/p>\n<p>Durante o decorrer do ano letivo o col\u00e9gio organiza diversas atividades l\u00fadicas, onde todos os nossos alunos se divertem. S\u00e3o muitas festas tem\u00e1ticas, atividades desportivas, festa de Natal e de final de ano letivo.[\/vc_column_text][vc_empty_space alter_height=&#8221;small&#8221; hide_on_mobile=&#8221;&#8221;][\/vc_column][\/vc_row][vc_row][vc_column width=&#8221;3\/5&#8243;][vc_column_text]<\/p>\n<h4><strong>Atividades Curriculares<\/strong><\/h4>\n<p>Inicia\u00e7\u00e3o Musical e Psicomotricidade (Creche \u2013 Sala 1 e 2 Anos)<br \/>\nIngl\u00eas, M\u00fasica, Psicomotricidade e Educa\u00e7\u00e3o f\u00edsica (jardim de Inf\u00e2ncia)<br \/>\nIngl\u00eas, M\u00fasica, Educa\u00e7\u00e3o F\u00edsica, Express\u00e3o art\u00edstica e pl\u00e1stica (1\u00ba ciclo)<br \/>\nMore English (Pr\u00e9 escolar (5 Anos) e 1\u00ba Ciclo)[\/vc_column_text][vc_empty_space alter_height=&#8221;small&#8221; hide_on_mobile=&#8221;&#8221;][vc_column_text]<\/p>\n<h4><strong>Atividades Extracurriculares <\/strong><\/h4>\n<p>Nata\u00e7\u00e3o, Judo, Ballet, Dan\u00e7a Criativa, The Inventors, Futebol[\/vc_column_text][vc_empty_space alter_height=&#8221;small&#8221; hide_on_mobile=&#8221;&#8221;][vc_column_text]<\/p>\n<h4><strong>Servi\u00e7os Extra<\/strong><\/h4>\n<p>Terapia da Fala<br \/>\nApoio ao Estudo Individual<br \/>\nSala de estudo[\/vc_column_text][\/vc_column][vc_column width=&#8221;2\/5&#8243;][vc_single_image image=&#8221;1373&#8243; img_size=&#8221;full&#8221; alignment=&#8221;center&#8221;][vc_empty_space alter_height=&#8221;small&#8221; hide_on_mobile=&#8221;&#8221;][\/vc_column][\/vc_row][vc_row][vc_column icons_position=&#8221;left&#8221;][vc_empty_space alter_height=&#8221;small&#8221; hide_on_mobile=&#8221;&#8221;][vc_empty_space alter_height=&#8221;small&#8221; hide_on_mobile=&#8221;&#8221;]<div class=\"cq-buttoncontainer  centrar-botao\"><div class=\"animatetype-1\"><div><a href=\"\/alfabeta\/wp-content\/uploads\/2023\/07\/Colegio-Alfa-Beta-Regulamento-Atividades-extracurriculares.pdf\" title=\"Regulamento Atividades Extracurriculares\" target=\"_blank\" style=\"color:#ffffff;background-color:#a01010;\" class=\"btn cqbtn-1\"><span class=\"txt\">Regulamento Atividades Extracurriculares<\/span><span class=\"round\"><i style=\"margin-top:-9px;margin-left:-9px;\" class=\"fa fa-arrow-right\"><\/i><\/span><\/a><\/div><\/div><\/div>[vc_empty_space alter_height=&#8221;large&#8221; hide_on_mobile=&#8221;&#8221;][\/vc_column][\/vc_row][vc_row full_width=&#8221;stretch_row&#8221; css=&#8221;.vc_custom_1690481372369{background-color: #b94f4f !important;}&#8221;][vc_column icons_position=&#8221;left&#8221;][vc_empty_space alter_height=&#8221;large&#8221; hide_on_mobile=&#8221;&#8221;][vc_column_text]<\/p>\n<h2 style=\"text-align: center;\"><span style=\"color: #ffffff;\">Descubra mais do Alfa-Beta!<\/span><\/h2>\n<p>[\/vc_column_text][vc_empty_space alter_height=&#8221;medium&#8221; hide_on_mobile=&#8221;&#8221; css=&#8221;.vc_custom_1690481663908{margin-bottom: 0.75rem !important;}&#8221;][\/vc_column][\/vc_row][vc_row full_width=&#8221;stretch_row&#8221; css=&#8221;.vc_custom_1690481376113{background-color: #b94f4f !important;}&#8221;][vc_column width=&#8221;1\/3&#8243;][vc_single_image image=&#8221;1355&#8243; img_size=&#8221;large&#8221; alignment=&#8221;center&#8221;][vc_empty_space alter_height=&#8221;small&#8221; hide_on_mobile=&#8221;&#8221;][vc_column_text]<\/p>\n<h4 style=\"text-align: center;\"><a href=\"\/alfabeta\/creche\/\"><span style=\"color: #ffffff;\"><em>Creche<\/em><\/span><\/a><\/h4>\n<p>[\/vc_column_text][vc_empty_space alter_height=&#8221;small&#8221; hide_on_mobile=&#8221;&#8221;][\/vc_column][vc_column width=&#8221;1\/3&#8243;][vc_single_image image=&#8221;1163&#8243; img_size=&#8221;large&#8221; alignment=&#8221;center&#8221;][vc_empty_space alter_height=&#8221;small&#8221; hide_on_mobile=&#8221;&#8221;][vc_column_text]<\/p>\n<h4 style=\"text-align: center;\"><a href=\"\/alfabeta\/jardim-de-infancia\/\"><span style=\"color: #ffffff;\"><em>Jardim de Inf\u00e2ncia<\/em><\/span><\/a><\/h4>\n<p>[\/vc_column_text][vc_empty_space alter_height=&#8221;small&#8221; hide_on_mobile=&#8221;&#8221;][\/vc_column][vc_column width=&#8221;1\/3&#8243;][vc_single_image image=&#8221;1166&#8243; img_size=&#8221;large&#8221; alignment=&#8221;center&#8221;][vc_empty_space alter_height=&#8221;small&#8221; hide_on_mobile=&#8221;&#8221;][vc_column_text]<\/p>\n<h4 style=\"text-align: center;\"><a href=\"\/alfabeta\/1o-ciclo\/\"><span style=\"color: #ffffff;\"><em>1\u00ba Ciclo<\/em><\/span><\/a><\/h4>\n<p>[\/vc_column_text][vc_empty_space alter_height=&#8221;small&#8221; hide_on_mobile=&#8221;&#8221;][\/vc_column][\/vc_row][vc_row full_width=&#8221;stretch_row&#8221; css=&#8221;.vc_custom_1690481380013{background-color: #b94f4f !important;}&#8221;][vc_column icons_position=&#8221;left&#8221;][vc_empty_space alter_height=&#8221;large&#8221; hide_on_mobile=&#8221;&#8221;][\/vc_column][\/vc_row]<\/p>\n","protected":false},"excerpt":{"rendered":"<p>[vc_row][vc_column icons_position=&#8221;left&#8221;][vc_empty_space alter_height=&#8221;medium&#8221; hide_on_mobile=&#8221;&#8221;][vc_column_text] Atividades Curriculares e Extracurriculares Acreditamos que os alunos que praticam uma ou duas atividades extracurriculares conseguem obter melhores resultados e consequentemente, maior Sucesso Escolar. Neste sentido, o Col\u00e9gio Alfa-Beta oferece uma vasta variedade de atividades extracurriculares, de car\u00e1cter facultativo, a funcionarem ap\u00f3s o tempo de atividades letivas e abertas a toda a comunidade. Durante o decorrer do ano letivo o col\u00e9gio organiza diversas atividades l\u00fadicas, onde todos os nossos alunos se divertem. S\u00e3o muitas festas tem\u00e1ticas, atividades desportivas, festa&hellip;<\/p>\n","protected":false},"author":1,"featured_media":1756,"parent":0,"menu_order":0,"comment_status":"closed","ping_status":"closed","template":"","meta":{"footnotes":""},"class_list":["post-1732","page","type-page","status-publish","has-post-thumbnail","hentry"],"_links":{"self":[{"href":"https:\/\/appy.place\/alfabeta\/wp-json\/wp\/v2\/pages\/1732","targetHints":{"allow":["GET"]}}],"collection":[{"href":"https:\/\/appy.place\/alfabeta\/wp-json\/wp\/v2\/pages"}],"about":[{"href":"https:\/\/appy.place\/alfabeta\/wp-json\/wp\/v2\/types\/page"}],"author":[{"embeddable":true,"href":"https:\/\/appy.place\/alfabeta\/wp-json\/wp\/v2\/users\/1"}],"replies":[{"embeddable":true,"href":"https:\/\/appy.place\/alfabeta\/wp-json\/wp\/v2\/comments?post=1732"}],"version-history":[{"count":14,"href":"https:\/\/appy.place\/alfabeta\/wp-json\/wp\/v2\/pages\/1732\/revisions"}],"predecessor-version":[{"id":1803,"href":"https:\/\/appy.place\/alfabeta\/wp-json\/wp\/v2\/pages\/1732\/revisions\/1803"}],"wp:featuredmedia":[{"embeddable":true,"href":"https:\/\/appy.place\/alfabeta\/wp-json\/wp\/v2\/media\/1756"}],"wp:attachment":[{"href":"https:\/\/appy.place\/alfabeta\/wp-json\/wp\/v2\/media?parent=1732"}],"curies":[{"name":"wp","href":"https:\/\/api.w.org\/{rel}","templated":true}]}}