{"id":1763,"date":"2023-08-10T11:58:54","date_gmt":"2023-08-10T11:58:54","guid":{"rendered":"https:\/\/appy.place\/alfabeta\/?page_id=1763"},"modified":"2023-08-14T14:20:42","modified_gmt":"2023-08-14T14:20:42","slug":"more-english","status":"publish","type":"page","link":"https:\/\/appy.place\/alfabeta\/more-english\/","title":{"rendered":"More ENGLISH"},"content":{"rendered":"<p>[vc_row full_width=&#8221;stretch_row&#8221; disable_element=&#8221;yes&#8221; css=&#8221;.vc_custom_1691668761898{background-color: #bdcbe3 !important;}&#8221;][vc_column icons_position=&#8221;left&#8221;][vc_empty_space alter_height=&#8221;large&#8221; hide_on_mobile=&#8221;&#8221;][vc_column_text]<\/p>\n<h3 style=\"text-align: center;\"><span style=\"color: #1443a1;\"><strong><em>\u201c\u2026 \u00e9 objeto de ensino \u2026tudo aquilo que cada aluno necessita em cada momento para prosseguir o seu desenvolvimento de uma forma harmoniosa\u201d<\/em><\/strong><em> (Larsen, 1980)<\/em><\/span><\/h3>\n<p>[\/vc_column_text][vc_empty_space alter_height=&#8221;large&#8221; hide_on_mobile=&#8221;&#8221;][\/vc_column][\/vc_row][vc_row full_width=&#8221;stretch_row&#8221;][vc_column icons_position=&#8221;left&#8221;][vc_empty_space alter_height=&#8221;large&#8221; hide_on_mobile=&#8221;&#8221;][vc_column_text]<\/p>\n<h2><span class=\"trx_addons_accent\"><strong>More ENGLISH\u00a0<\/strong><\/span><\/h2>\n<p><span style=\"color: #000000;\">Programa a trabalhar com os alunos dos 5 Anos e 1\u00ba ciclo.<br \/>\nO Ingl\u00eas passar\u00e1 a estar integrado em todas as \u00e1reas curriculares do nosso Col\u00e9gio.<br \/>\n<\/span>[\/vc_column_text][\/vc_column][\/vc_row][vc_row full_width=&#8221;stretch_row&#8221;][vc_column icons_position=&#8221;left&#8221;][vc_empty_space alter_height=&#8221;small&#8221; hide_on_mobile=&#8221;&#8221;][vc_column_text]<span style=\"color: #000000;\">Objetivos:<\/span><\/p>\n<ul>\n<li><span style=\"color: #000000;\">Promover, precocemente, um maior contacto com a l\u00edngua inglesa;<\/span><\/li>\n<li><span style=\"color: #000000;\">Promover os benef\u00edcios cognitivos da aprendizagem de uma segunda l\u00edngua;<\/span><\/li>\n<li><span style=\"color: #000000;\">Preparar, atrav\u00e9s do contacto desde cedo com a l\u00edngua inglesa, os nossos alunos para uma sociedade globalizada;<\/span><\/li>\n<li><span style=\"color: #000000;\">Desenvolver valores, tal como, a coopera\u00e7\u00e3o e o respeito pela diversidade;<\/span><\/li>\n<li><span style=\"color: #000000;\">Proporcionar os alicerces necess\u00e1rios para o seguimento dos estudos numa<br \/>\nvertente bil\u00edngue.<\/span><\/li>\n<\/ul>\n<h4><strong>Educamos para Proteger. O futuro dos nossos alunos \u00e9 uma prioridade para n\u00f3s.<\/strong><\/h4>\n<p>[\/vc_column_text][vc_empty_space alter_height=&#8221;medium&#8221; hide_on_mobile=&#8221;&#8221;][\/vc_column][\/vc_row][vc_row full_width=&#8221;stretch_row&#8221; disable_element=&#8221;yes&#8221; css=&#8221;.vc_custom_1691083323608{background-color: #efefef !important;}&#8221;][vc_column icons_position=&#8221;left&#8221;][vc_empty_space alter_height=&#8221;small&#8221; hide_on_mobile=&#8221;&#8221;][vc_column_text]<\/p>\n<h2 style=\"text-align: center;\"><strong><span style=\"color: #1443a1;\">Atividades<\/span><\/strong><\/h2>\n<p>[\/vc_column_text][vc_empty_space alter_height=&#8221;small&#8221; hide_on_mobile=&#8221;&#8221;][\/vc_column][\/vc_row][vc_row full_width=&#8221;stretch_row&#8221; disable_element=&#8221;yes&#8221; css=&#8221;.vc_custom_1691078967528{background-color: #efefef !important;}&#8221;][vc_column width=&#8221;1\/2&#8243; icons_position=&#8221;left&#8221;][vc_empty_space alter_height=&#8221;small&#8221; hide_on_mobile=&#8221;&#8221;][vc_column_text]<\/p>\n<h4 style=\"text-align: center;\"><strong><span style=\"color: #1443a1;\">Atividades curriculares<\/span><\/strong><\/h4>\n<p>[\/vc_column_text][vc_column_text]<\/p>\n<p style=\"text-align: center;\"><span style=\"color: #000000;\">lorem ipsum<br \/>\n<\/span><span style=\"color: #000000;\">lorem ipsum<br \/>\n<\/span><span style=\"color: #000000;\">lorem ipsum<\/span><\/p>\n<p>[\/vc_column_text][vc_empty_space alter_height=&#8221;small&#8221; hide_on_mobile=&#8221;&#8221;][\/vc_column][vc_column width=&#8221;1\/2&#8243;][vc_empty_space alter_height=&#8221;small&#8221; hide_on_mobile=&#8221;&#8221;][vc_column_text]<\/p>\n<h4 style=\"text-align: center;\"><strong><span style=\"color: #1443a1;\">Atividades extracurriculares<\/span><\/strong><\/h4>\n<p>[\/vc_column_text][vc_column_text]<\/p>\n<p style=\"text-align: center;\"><span style=\"color: #000000;\">lorem ipsum<br \/>\n<\/span><span style=\"color: #000000;\">lorem ipsum<br \/>\n<\/span><span style=\"color: #000000;\">lorem ipsum<\/span><\/p>\n<p>[\/vc_column_text][vc_empty_space alter_height=&#8221;small&#8221; hide_on_mobile=&#8221;&#8221;][\/vc_column][\/vc_row][vc_row full_width=&#8221;stretch_row&#8221; disable_element=&#8221;yes&#8221;][vc_column width=&#8221;1\/2&#8243; icons_position=&#8221;left&#8221;][vc_empty_space alter_height=&#8221;small&#8221; hide_on_mobile=&#8221;&#8221;]<div class=\"sc_item_button sc_button_wrap sc_align_center\"><a href=\"\/alfabeta\/projeto-educativo\/\" id=\"sc_button_450751111\" class=\"sc_button color_style_default sc_button_default sc_button_size_large sc_button_icon_left\"><span class=\"sc_button_text sc_align_center\"><span class=\"sc_button_title\">Conhe\u00e7a o nosso Projeto Educativo<\/span><\/span><!-- \/.sc_button_text --><\/a><!-- \/.sc_button --><\/div><!-- \/.sc_item_button -->[vc_empty_space alter_height=&#8221;small&#8221; hide_on_mobile=&#8221;&#8221;][\/vc_column][vc_column width=&#8221;1\/2&#8243;][vc_empty_space alter_height=&#8221;small&#8221; hide_on_mobile=&#8221;&#8221;]<div class=\"sc_item_button sc_button_wrap sc_align_center\"><a href=\"\/alfabeta\/wp-content\/uploads\/2023\/08\/Colegio-Alfa-Beta-Calendario-geral-de-atividades-2023-24.pdf\" id=\"sc_button_256454258\" class=\"sc_button color_style_default sc_button_default sc_button_size_large sc_button_icon_left\"><span class=\"sc_button_text sc_align_center\"><span class=\"sc_button_title\">Calend\u00e1rio Geral de Atividades<\/span><\/span><!-- \/.sc_button_text --><\/a><!-- \/.sc_button --><\/div><!-- \/.sc_item_button -->[vc_empty_space alter_height=&#8221;small&#8221; hide_on_mobile=&#8221;&#8221;][\/vc_column][\/vc_row][vc_row full_width=&#8221;stretch_row&#8221;][vc_column icons_position=&#8221;left&#8221;][vc_empty_space alter_height=&#8221;small&#8221; hide_on_mobile=&#8221;&#8221;][\/vc_column][\/vc_row][vc_row full_width=&#8221;stretch_row&#8221; css=&#8221;.vc_custom_1690481372369{background-color: #b94f4f !important;}&#8221;][vc_column icons_position=&#8221;left&#8221;][vc_empty_space alter_height=&#8221;large&#8221; hide_on_mobile=&#8221;&#8221;][vc_column_text]<\/p>\n<h2 style=\"text-align: center;\"><span style=\"color: #ffffff;\">Descubra mais do Alfa-Beta!<\/span><\/h2>\n<p>[\/vc_column_text][vc_empty_space alter_height=&#8221;medium&#8221; hide_on_mobile=&#8221;&#8221; css=&#8221;.vc_custom_1690481663908{margin-bottom: 0.75rem !important;}&#8221;][\/vc_column][\/vc_row][vc_row full_width=&#8221;stretch_row&#8221; css=&#8221;.vc_custom_1690481376113{background-color: #b94f4f !important;}&#8221;][vc_column width=&#8221;1\/3&#8243;][vc_single_image image=&#8221;1355&#8243; img_size=&#8221;large&#8221; alignment=&#8221;center&#8221;][vc_empty_space alter_height=&#8221;small&#8221; hide_on_mobile=&#8221;&#8221;][vc_column_text]<\/p>\n<h4 style=\"text-align: center;\"><a href=\"\/alfabeta\/creche\/\"><span style=\"color: #ffffff;\"><em>Creche<\/em><\/span><\/a><\/h4>\n<p>[\/vc_column_text][vc_empty_space alter_height=&#8221;small&#8221; hide_on_mobile=&#8221;&#8221;][\/vc_column][vc_column width=&#8221;1\/3&#8243;][vc_single_image image=&#8221;1163&#8243; img_size=&#8221;large&#8221; alignment=&#8221;center&#8221;][vc_empty_space alter_height=&#8221;small&#8221; hide_on_mobile=&#8221;&#8221;][vc_column_text]<\/p>\n<h4 style=\"text-align: center;\"><a href=\"\/alfabeta\/jardim-de-infancia\/\"><span style=\"color: #ffffff;\"><em>Jardim de Inf\u00e2ncia<\/em><\/span><\/a><\/h4>\n<p>[\/vc_column_text][vc_empty_space alter_height=&#8221;small&#8221; hide_on_mobile=&#8221;&#8221;][\/vc_column][vc_column width=&#8221;1\/3&#8243;][vc_single_image image=&#8221;1166&#8243; img_size=&#8221;large&#8221; alignment=&#8221;center&#8221;][vc_empty_space alter_height=&#8221;small&#8221; hide_on_mobile=&#8221;&#8221;][vc_column_text]<\/p>\n<h4 style=\"text-align: center;\"><a href=\"\/alfabeta\/1o-ciclo\/\"><span style=\"color: #ffffff;\"><em>1\u00ba Ciclo<\/em><\/span><\/a><\/h4>\n<p>[\/vc_column_text][vc_empty_space alter_height=&#8221;small&#8221; hide_on_mobile=&#8221;&#8221;][\/vc_column][\/vc_row][vc_row full_width=&#8221;stretch_row&#8221; css=&#8221;.vc_custom_1690481380013{background-color: #b94f4f !important;}&#8221;][vc_column icons_position=&#8221;left&#8221;][vc_empty_space alter_height=&#8221;large&#8221; hide_on_mobile=&#8221;&#8221;][\/vc_column][\/vc_row]<\/p>\n","protected":false},"excerpt":{"rendered":"<p>[vc_row full_width=&#8221;stretch_row&#8221; disable_element=&#8221;yes&#8221; css=&#8221;.vc_custom_1691668761898{background-color: #bdcbe3 !important;}&#8221;][vc_column icons_position=&#8221;left&#8221;][vc_empty_space alter_height=&#8221;large&#8221; hide_on_mobile=&#8221;&#8221;][vc_column_text] \u201c\u2026 \u00e9 objeto de ensino \u2026tudo aquilo que cada aluno necessita em cada momento para prosseguir o seu desenvolvimento de uma forma harmoniosa\u201d (Larsen, 1980) [\/vc_column_text][vc_empty_space alter_height=&#8221;large&#8221; hide_on_mobile=&#8221;&#8221;][\/vc_column][\/vc_row][vc_row full_width=&#8221;stretch_row&#8221;][vc_column icons_position=&#8221;left&#8221;][vc_empty_space alter_height=&#8221;large&#8221; hide_on_mobile=&#8221;&#8221;][vc_column_text] More ENGLISH\u00a0 Programa a trabalhar com os alunos dos 5 Anos e 1\u00ba ciclo. O Ingl\u00eas passar\u00e1 a estar integrado em todas as \u00e1reas curriculares do nosso Col\u00e9gio. [\/vc_column_text][\/vc_column][\/vc_row][vc_row full_width=&#8221;stretch_row&#8221;][vc_column icons_position=&#8221;left&#8221;][vc_empty_space alter_height=&#8221;small&#8221; hide_on_mobile=&#8221;&#8221;][vc_column_text]Objetivos: Promover, precocemente, um maior contacto com a l\u00edngua inglesa;&hellip;<\/p>\n","protected":false},"author":1,"featured_media":1764,"parent":0,"menu_order":0,"comment_status":"closed","ping_status":"closed","template":"","meta":{"footnotes":""},"class_list":["post-1763","page","type-page","status-publish","has-post-thumbnail","hentry"],"_links":{"self":[{"href":"https:\/\/appy.place\/alfabeta\/wp-json\/wp\/v2\/pages\/1763","targetHints":{"allow":["GET"]}}],"collection":[{"href":"https:\/\/appy.place\/alfabeta\/wp-json\/wp\/v2\/pages"}],"about":[{"href":"https:\/\/appy.place\/alfabeta\/wp-json\/wp\/v2\/types\/page"}],"author":[{"embeddable":true,"href":"https:\/\/appy.place\/alfabeta\/wp-json\/wp\/v2\/users\/1"}],"replies":[{"embeddable":true,"href":"https:\/\/appy.place\/alfabeta\/wp-json\/wp\/v2\/comments?post=1763"}],"version-history":[{"count":6,"href":"https:\/\/appy.place\/alfabeta\/wp-json\/wp\/v2\/pages\/1763\/revisions"}],"predecessor-version":[{"id":1869,"href":"https:\/\/appy.place\/alfabeta\/wp-json\/wp\/v2\/pages\/1763\/revisions\/1869"}],"wp:featuredmedia":[{"embeddable":true,"href":"https:\/\/appy.place\/alfabeta\/wp-json\/wp\/v2\/media\/1764"}],"wp:attachment":[{"href":"https:\/\/appy.place\/alfabeta\/wp-json\/wp\/v2\/media?parent=1763"}],"curies":[{"name":"wp","href":"https:\/\/api.w.org\/{rel}","templated":true}]}}